{"id":1219,"date":"2025-07-25T09:10:32","date_gmt":"2025-07-25T09:10:32","guid":{"rendered":"https:\/\/coopskills.eu\/skontaktuj-sie-z-nami\/"},"modified":"2026-02-19T09:44:12","modified_gmt":"2026-02-19T09:44:12","slug":"skontaktuj-sie-z-nami","status":"publish","type":"page","link":"https:\/\/coopskills.eu\/pl\/skontaktuj-sie-z-nami\/","title":{"rendered":"skontaktuj si\u0119 z nami"},"content":{"rendered":"\t\t<div data-elementor-type=\"wp-page\" data-elementor-id=\"1219\" class=\"elementor elementor-1219 elementor-28\" data-elementor-post-type=\"page\">\n\t\t\t\t<div class=\"elementor-element elementor-element-1b8239d e-flex e-con-boxed e-con e-parent\" data-id=\"1b8239d\" data-element_type=\"container\" data-e-type=\"container\" data-settings=\"{&quot;background_background&quot;:&quot;classic&quot;}\">\n\t\t\t\t\t<div class=\"e-con-inner\">\n\t\t<div class=\"elementor-element elementor-element-1caaebd e-con-full animated-slow e-flex elementor-invisible e-con e-child\" data-id=\"1caaebd\" data-element_type=\"container\" data-e-type=\"container\" data-settings=\"{&quot;background_background&quot;:&quot;classic&quot;,&quot;animation&quot;:&quot;slideInDown&quot;}\">\n\t\t\t\t<div class=\"elementor-element elementor-element-0ea97e1 elementor-widget elementor-widget-image\" data-id=\"0ea97e1\" data-element_type=\"widget\" data-e-type=\"widget\" data-widget_type=\"image.default\">\n\t\t\t\t<div class=\"elementor-widget-container\">\n\t\t\t\t\t\t\t\t\t\t\t\t\t\t\t<img fetchpriority=\"high\" decoding=\"async\" width=\"720\" height=\"700\" src=\"https:\/\/coopskills.eu\/wp-content\/uploads\/2025\/05\/coopskills-contactus2.png\" class=\"attachment-large size-large wp-image-922\" alt=\"\" srcset=\"https:\/\/coopskills.eu\/wp-content\/uploads\/2025\/05\/coopskills-contactus2.png 720w, https:\/\/coopskills.eu\/wp-content\/uploads\/2025\/05\/coopskills-contactus2-300x292.png 300w\" sizes=\"(max-width: 720px) 100vw, 720px\" \/>\t\t\t\t\t\t\t\t\t\t\t\t\t\t\t<\/div>\n\t\t\t\t<\/div>\n\t\t\t\t<\/div>\n\t\t<div class=\"elementor-element elementor-element-1a19c81 e-con-full e-flex e-con e-child\" data-id=\"1a19c81\" data-element_type=\"container\" data-e-type=\"container\">\n\t\t\t\t<div class=\"elementor-element elementor-element-ac84297 elementor-widget elementor-widget-tp-heading-animation\" data-id=\"ac84297\" data-element_type=\"widget\" data-e-type=\"widget\" data-widget_type=\"tp-heading-animation.default\">\n\t\t\t\t<div class=\"elementor-widget-container\">\n\t\t\t\t\t<style>.heading-animation69f3caf6dc448 .pt-plus-cd-headline.loading-bar .cd-words-wrapper::after{background-color: #313131;}<\/style><div class=\"pt-plus-heading-animation heading-animation head-anim-style-6  heading-animation69f3caf6dc448\"  ><h1 class=\"pt-plus-cd-headline letters scale\" ><span >Skontaktuj  <\/span><span class=\"cd-words-wrapper style-6\"   ><b  class=\"is-visible \">si\u0119 z nami<\/b><\/span><\/h1><\/div>\t\t\t\t<\/div>\n\t\t\t\t<\/div>\n\t\t\t\t<div class=\"elementor-element elementor-element-6affffb elementor-widget-divider--view-line elementor-widget elementor-widget-divider\" data-id=\"6affffb\" data-element_type=\"widget\" data-e-type=\"widget\" data-widget_type=\"divider.default\">\n\t\t\t\t<div class=\"elementor-widget-container\">\n\t\t\t\t\t\t\t<div class=\"elementor-divider\">\n\t\t\t<span class=\"elementor-divider-separator\">\n\t\t\t\t\t\t<\/span>\n\t\t<\/div>\n\t\t\t\t\t\t<\/div>\n\t\t\t\t<\/div>\n\t\t\t\t<\/div>\n\t\t\t\t\t<\/div>\n\t\t\t\t<\/div>\n\t\t<div class=\"elementor-element elementor-element-49d024c e-flex e-con-boxed e-con e-parent\" data-id=\"49d024c\" data-element_type=\"container\" data-e-type=\"container\">\n\t\t\t\t\t<div class=\"e-con-inner\">\n\t\t\t\t<div class=\"elementor-element elementor-element-086fd8b elementor-widget elementor-widget-spacer\" data-id=\"086fd8b\" data-element_type=\"widget\" data-e-type=\"widget\" data-widget_type=\"spacer.default\">\n\t\t\t\t<div class=\"elementor-widget-container\">\n\t\t\t\t\t\t\t<div class=\"elementor-spacer\">\n\t\t\t<div class=\"elementor-spacer-inner\"><\/div>\n\t\t<\/div>\n\t\t\t\t\t\t<\/div>\n\t\t\t\t<\/div>\n\t\t\t\t\t<\/div>\n\t\t\t\t<\/div>\n\t\t<div class=\"elementor-element elementor-element-9a04b51 e-flex e-con-boxed e-con e-parent\" data-id=\"9a04b51\" data-element_type=\"container\" data-e-type=\"container\">\n\t\t\t\t\t<div class=\"e-con-inner\">\n\t\t<div class=\"elementor-element elementor-element-8dfcee3 e-con-full e-flex e-con e-child\" data-id=\"8dfcee3\" data-element_type=\"container\" data-e-type=\"container\">\n\t\t\t\t<div class=\"elementor-element elementor-element-5a11023 elementor-widget elementor-widget-text-editor\" data-id=\"5a11023\" data-element_type=\"widget\" data-e-type=\"widget\" data-widget_type=\"text-editor.default\">\n\t\t\t\t<div class=\"elementor-widget-container\">\n\t\t\t\t\t\t\t\t\t<p>Pozosta\u0144 w kontakcie z COOPSKILLS i b\u0105d\u017a cz\u0119\u015bci\u0105 naszej podr\u00f3\u017cy w kierunku wzmocnienia pozycji jednostek i spo\u0142eczno\u015bci poprzez wsp\u00f3lne inicjatywy budowania umiej\u0119tno\u015bci. \u015aled\u017a nas na Facebooku i Instagramie, aby by\u0107 na bie\u017c\u0105co z naszymi najnowszymi aktualizacjami i kamieniami milowymi. Odkryj, w jaki spos\u00f3b pomagamy jednostkom podnosi\u0107 ich umiej\u0119tno\u015bci, promowa\u0107 integracj\u0119 i wspiera\u0107 przej\u015bcie na bardziej ekologiczn\u0105 i cyfrow\u0105 gospodark\u0119.<\/p>\n<p>Do\u0142\u0105cz do nas w tworzeniu trwa\u0142ego wp\u0142ywu i kszta\u0142towaniu przysz\u0142o\u015bci rozwoju si\u0142y roboczej, jedna umiej\u0119tno\u015b\u0107 na raz!<\/p>\n\t\t\t\t\t\t\t\t<\/div>\n\t\t\t\t<\/div>\n\t\t\t\t<\/div>\n\t\t<div class=\"elementor-element elementor-element-4c2eb6b e-con-full e-flex e-con e-child\" data-id=\"4c2eb6b\" data-element_type=\"container\" data-e-type=\"container\">\n\t\t\t\t<div class=\"elementor-element elementor-element-253de0b elementor-button-align-stretch elementor-widget elementor-widget-form\" data-id=\"253de0b\" data-element_type=\"widget\" data-e-type=\"widget\" data-settings=\"{&quot;button_width&quot;:&quot;30&quot;,&quot;step_next_label&quot;:&quot;Nast\\u0119pny&quot;,&quot;step_previous_label&quot;:&quot;Poprzedni&quot;,&quot;button_width_mobile&quot;:&quot;50&quot;,&quot;step_type&quot;:&quot;number_text&quot;,&quot;step_icon_shape&quot;:&quot;circle&quot;}\" data-widget_type=\"form.default\">\n\t\t\t\t<div class=\"elementor-widget-container\">\n\t\t\t\t\t\t\t<form class=\"elementor-form\" method=\"post\" name=\"Contact Form PL\" aria-label=\"Contact Form PL\">\n\t\t\t<input type=\"hidden\" name=\"post_id\" value=\"1219\"\/>\n\t\t\t<input type=\"hidden\" name=\"form_id\" value=\"253de0b\"\/>\n\t\t\t<input type=\"hidden\" name=\"referer_title\" value=\"\" \/>\n\n\t\t\t\n\t\t\t<div class=\"elementor-form-fields-wrapper elementor-labels-above\">\n\t\t\t\t\t\t\t\t<div class=\"elementor-field-type-text elementor-field-group elementor-column elementor-field-group-name elementor-col-100\">\n\t\t\t\t\t\t\t\t\t\t\t\t<label for=\"form-field-name\" class=\"elementor-field-label\">\n\t\t\t\t\t\t\t\tNazwa\t\t\t\t\t\t\t<\/label>\n\t\t\t\t\t\t\t\t\t\t\t\t\t\t<input size=\"1\" type=\"text\" name=\"form_fields[name]\" id=\"form-field-name\" class=\"elementor-field elementor-size-sm  elementor-field-textual\" placeholder=\"Nazwa\">\n\t\t\t\t\t\t\t\t\t\t\t<\/div>\n\t\t\t\t\t\t\t\t<div class=\"elementor-field-type-email elementor-field-group elementor-column elementor-field-group-email elementor-col-100 elementor-field-required\">\n\t\t\t\t\t\t\t\t\t\t\t\t<label for=\"form-field-email\" class=\"elementor-field-label\">\n\t\t\t\t\t\t\t\tE-mail\t\t\t\t\t\t\t<\/label>\n\t\t\t\t\t\t\t\t\t\t\t\t\t\t<input size=\"1\" type=\"email\" name=\"form_fields[email]\" id=\"form-field-email\" class=\"elementor-field elementor-size-sm  elementor-field-textual\" placeholder=\"E-mail\" required=\"required\">\n\t\t\t\t\t\t\t\t\t\t\t<\/div>\n\t\t\t\t\t\t\t\t<div class=\"elementor-field-type-textarea elementor-field-group elementor-column elementor-field-group-message elementor-col-100\">\n\t\t\t\t\t\t\t\t\t\t\t\t<label for=\"form-field-message\" class=\"elementor-field-label\">\n\t\t\t\t\t\t\t\tWiadomo\u015b\u0107\t\t\t\t\t\t\t<\/label>\n\t\t\t\t\t\t<textarea class=\"elementor-field-textual elementor-field  elementor-size-sm\" name=\"form_fields[message]\" id=\"form-field-message\" rows=\"6\" placeholder=\"Wiadomo\u015b\u0107\"><\/textarea>\t\t\t\t<\/div>\n\t\t\t\t\t\t\t\t<div class=\"elementor-field-group elementor-column elementor-field-type-submit elementor-col-30 e-form__buttons elementor-sm-50\">\n\t\t\t\t\t<button class=\"elementor-button elementor-size-sm\" type=\"submit\">\n\t\t\t\t\t\t<span class=\"elementor-button-content-wrapper\">\n\t\t\t\t\t\t\t\t\t\t\t\t\t\t\t<span class=\"elementor-button-icon\">\n\t\t\t\t\t\t\t\t\t<svg aria-hidden=\"true\" class=\"e-font-icon-svg e-fas-paper-plane\" viewBox=\"0 0 512 512\" xmlns=\"http:\/\/www.w3.org\/2000\/svg\"><path d=\"M476 3.2L12.5 270.6c-18.1 10.4-15.8 35.6 2.2 43.2L121 358.4l287.3-253.2c5.5-4.9 13.3 2.6 8.6 8.3L176 407v80.5c0 23.6 28.5 32.9 42.5 15.8L282 426l124.6 52.2c14.2 6 30.4-2.9 33-18.2l72-432C515 7.8 493.3-6.8 476 3.2z\"><\/path><\/svg>\t\t\t\t\t\t\t\t\t\t\t\t\t\t\t\t\t<\/span>\n\t\t\t\t\t\t\t\t\t\t\t\t\t\t\t\t\t\t\t\t\t\t<span class=\"elementor-button-text\">Wy\u015blij<\/span>\n\t\t\t\t\t\t\t\t\t\t\t\t\t<\/span>\n\t\t\t\t\t<\/button>\n\t\t\t\t<\/div>\n\t\t\t<\/div>\n\t\t<\/form>\n\t\t\t\t\t\t<\/div>\n\t\t\t\t<\/div>\n\t\t\t\t<\/div>\n\t\t\t\t\t<\/div>\n\t\t\t\t<\/div>\n\t\t<div class=\"elementor-element elementor-element-5fe7bfd e-flex e-con-boxed e-con e-parent\" data-id=\"5fe7bfd\" data-element_type=\"container\" data-e-type=\"container\">\n\t\t\t\t\t<div class=\"e-con-inner\">\n\t\t\t\t<div class=\"elementor-element elementor-element-c2749b2 elementor-widget elementor-widget-spacer\" data-id=\"c2749b2\" data-element_type=\"widget\" data-e-type=\"widget\" data-widget_type=\"spacer.default\">\n\t\t\t\t<div class=\"elementor-widget-container\">\n\t\t\t\t\t\t\t<div class=\"elementor-spacer\">\n\t\t\t<div class=\"elementor-spacer-inner\"><\/div>\n\t\t<\/div>\n\t\t\t\t\t\t<\/div>\n\t\t\t\t<\/div>\n\t\t\t\t\t<\/div>\n\t\t\t\t<\/div>\n\t\t\t\t<\/div>\n\t\t","protected":false},"excerpt":{"rendered":"<p>Skontaktuj si\u0119 z nami Pozosta\u0144 w kontakcie z COOPSKILLS i b\u0105d\u017a cz\u0119\u015bci\u0105 naszej podr\u00f3\u017cy w kierunku wzmocnienia pozycji jednostek i spo\u0142eczno\u015bci poprzez wsp\u00f3lne inicjatywy budowania umiej\u0119tno\u015bci. \u015aled\u017a nas na Facebooku i Instagramie, aby by\u0107 na bie\u017c\u0105co z naszymi najnowszymi aktualizacjami i kamieniami milowymi. Odkryj, w jaki spos\u00f3b pomagamy jednostkom podnosi\u0107 ich umiej\u0119tno\u015bci, promowa\u0107 integracj\u0119 i [&hellip;]<\/p>\n","protected":false},"author":3,"featured_media":930,"parent":0,"menu_order":0,"comment_status":"closed","ping_status":"closed","template":"","meta":{"footnotes":""},"class_list":["post-1219","page","type-page","status-publish","has-post-thumbnail","hentry"],"_links":{"self":[{"href":"https:\/\/coopskills.eu\/pl\/wp-json\/wp\/v2\/pages\/1219","targetHints":{"allow":["GET"]}}],"collection":[{"href":"https:\/\/coopskills.eu\/pl\/wp-json\/wp\/v2\/pages"}],"about":[{"href":"https:\/\/coopskills.eu\/pl\/wp-json\/wp\/v2\/types\/page"}],"author":[{"embeddable":true,"href":"https:\/\/coopskills.eu\/pl\/wp-json\/wp\/v2\/users\/3"}],"replies":[{"embeddable":true,"href":"https:\/\/coopskills.eu\/pl\/wp-json\/wp\/v2\/comments?post=1219"}],"version-history":[{"count":4,"href":"https:\/\/coopskills.eu\/pl\/wp-json\/wp\/v2\/pages\/1219\/revisions"}],"predecessor-version":[{"id":2076,"href":"https:\/\/coopskills.eu\/pl\/wp-json\/wp\/v2\/pages\/1219\/revisions\/2076"}],"wp:featuredmedia":[{"embeddable":true,"href":"https:\/\/coopskills.eu\/pl\/wp-json\/wp\/v2\/media\/930"}],"wp:attachment":[{"href":"https:\/\/coopskills.eu\/pl\/wp-json\/wp\/v2\/media?parent=1219"}],"curies":[{"name":"wp","href":"https:\/\/api.w.org\/{rel}","templated":true}]}}