{"id":1211,"date":"2025-07-25T08:47:23","date_gmt":"2025-07-25T08:47:23","guid":{"rendered":"https:\/\/coopskills.eu\/wyniki\/"},"modified":"2025-07-25T08:47:24","modified_gmt":"2025-07-25T08:47:24","slug":"wyniki","status":"publish","type":"page","link":"https:\/\/coopskills.eu\/pl\/wyniki\/","title":{"rendered":"wyniki"},"content":{"rendered":"\t\t<div data-elementor-type=\"wp-page\" data-elementor-id=\"1211\" class=\"elementor elementor-1211 elementor-22\" data-elementor-post-type=\"page\">\n\t\t\t\t<div class=\"elementor-element elementor-element-eedcffc e-flex e-con-boxed e-con e-parent\" data-id=\"eedcffc\" data-element_type=\"container\" data-e-type=\"container\" data-settings=\"{&quot;background_background&quot;:&quot;classic&quot;}\">\n\t\t\t\t\t<div class=\"e-con-inner\">\n\t\t<div class=\"elementor-element elementor-element-bc9da45 e-con-full animated-slow e-flex elementor-invisible e-con e-child\" data-id=\"bc9da45\" data-element_type=\"container\" data-e-type=\"container\" data-settings=\"{&quot;background_background&quot;:&quot;classic&quot;,&quot;animation&quot;:&quot;slideInDown&quot;}\">\n\t\t\t\t<div class=\"elementor-element elementor-element-f6d0854 elementor-widget elementor-widget-image\" data-id=\"f6d0854\" data-element_type=\"widget\" data-e-type=\"widget\" data-widget_type=\"image.default\">\n\t\t\t\t<div class=\"elementor-widget-container\">\n\t\t\t\t\t\t\t\t\t\t\t\t\t\t\t<img fetchpriority=\"high\" decoding=\"async\" width=\"750\" height=\"900\" src=\"https:\/\/coopskills.eu\/wp-content\/uploads\/2025\/05\/results-image-coopskills.png\" class=\"attachment-large size-large wp-image-870\" alt=\"\" srcset=\"https:\/\/coopskills.eu\/wp-content\/uploads\/2025\/05\/results-image-coopskills.png 750w, https:\/\/coopskills.eu\/wp-content\/uploads\/2025\/05\/results-image-coopskills-250x300.png 250w\" sizes=\"(max-width: 750px) 100vw, 750px\" \/>\t\t\t\t\t\t\t\t\t\t\t\t\t\t\t<\/div>\n\t\t\t\t<\/div>\n\t\t\t\t<\/div>\n\t\t<div class=\"elementor-element elementor-element-04a2669 e-con-full e-flex e-con e-child\" data-id=\"04a2669\" data-element_type=\"container\" data-e-type=\"container\">\n\t\t\t\t<div class=\"elementor-element elementor-element-d97db85 elementor-widget elementor-widget-tp-heading-animation\" data-id=\"d97db85\" data-element_type=\"widget\" data-e-type=\"widget\" data-widget_type=\"tp-heading-animation.default\">\n\t\t\t\t<div class=\"elementor-widget-container\">\n\t\t\t\t\t<style>.heading-animation69f1728d4c451 .pt-plus-cd-headline.loading-bar .cd-words-wrapper::after{background-color: #313131;}<\/style><div class=\"pt-plus-heading-animation heading-animation head-anim-style-6  heading-animation69f1728d4c451\"  ><h1 class=\"pt-plus-cd-headline letters scale\" ><span >Wyniki <\/span><span class=\"cd-words-wrapper style-6\"   ><b  class=\"is-visible \">projektu<\/b><\/span><\/h1><\/div>\t\t\t\t<\/div>\n\t\t\t\t<\/div>\n\t\t\t\t<div class=\"elementor-element elementor-element-0ee203a elementor-widget-divider--view-line elementor-widget elementor-widget-divider\" data-id=\"0ee203a\" data-element_type=\"widget\" data-e-type=\"widget\" data-widget_type=\"divider.default\">\n\t\t\t\t<div class=\"elementor-widget-container\">\n\t\t\t\t\t\t\t<div class=\"elementor-divider\">\n\t\t\t<span class=\"elementor-divider-separator\">\n\t\t\t\t\t\t<\/span>\n\t\t<\/div>\n\t\t\t\t\t\t<\/div>\n\t\t\t\t<\/div>\n\t\t\t\t<\/div>\n\t\t\t\t\t<\/div>\n\t\t\t\t<\/div>\n\t\t<div class=\"elementor-element elementor-element-f63be8c e-flex e-con-boxed e-con e-parent\" data-id=\"f63be8c\" data-element_type=\"container\" data-e-type=\"container\">\n\t\t\t\t\t<div class=\"e-con-inner\">\n\t\t\t\t<div class=\"elementor-element elementor-element-c11cc53 elementor-widget elementor-widget-spacer\" data-id=\"c11cc53\" data-element_type=\"widget\" data-e-type=\"widget\" data-widget_type=\"spacer.default\">\n\t\t\t\t<div class=\"elementor-widget-container\">\n\t\t\t\t\t\t\t<div class=\"elementor-spacer\">\n\t\t\t<div class=\"elementor-spacer-inner\"><\/div>\n\t\t<\/div>\n\t\t\t\t\t\t<\/div>\n\t\t\t\t<\/div>\n\t\t\t\t\t<\/div>\n\t\t\t\t<\/div>\n\t\t<div class=\"elementor-element elementor-element-a94d454 e-flex e-con-boxed e-con e-parent\" data-id=\"a94d454\" data-element_type=\"container\" data-e-type=\"container\">\n\t\t\t\t\t<div class=\"e-con-inner\">\n\t\t<div class=\"elementor-element elementor-element-f4d9801 e-con-full e-flex e-con e-child\" data-id=\"f4d9801\" data-element_type=\"container\" data-e-type=\"container\">\n\t\t<div class=\"elementor-element elementor-element-af2691f e-con-full e-flex e-con e-child\" data-id=\"af2691f\" data-element_type=\"container\" data-e-type=\"container\">\n\t\t\t\t<div class=\"elementor-element elementor-element-df0eec6 elementor-widget elementor-widget-image\" data-id=\"df0eec6\" data-element_type=\"widget\" data-e-type=\"widget\" data-widget_type=\"image.default\">\n\t\t\t\t<div class=\"elementor-widget-container\">\n\t\t\t\t\t\t\t\t\t\t\t\t\t\t\t<img decoding=\"async\" width=\"512\" height=\"512\" src=\"https:\/\/coopskills.eu\/wp-content\/uploads\/2025\/05\/coopskills-color-icon1.png\" class=\"attachment-large size-large wp-image-874\" alt=\"\" srcset=\"https:\/\/coopskills.eu\/wp-content\/uploads\/2025\/05\/coopskills-color-icon1.png 512w, https:\/\/coopskills.eu\/wp-content\/uploads\/2025\/05\/coopskills-color-icon1-300x300.png 300w, https:\/\/coopskills.eu\/wp-content\/uploads\/2025\/05\/coopskills-color-icon1-150x150.png 150w\" sizes=\"(max-width: 512px) 100vw, 512px\" \/>\t\t\t\t\t\t\t\t\t\t\t\t\t\t\t<\/div>\n\t\t\t\t<\/div>\n\t\t\t\t<\/div>\n\t\t<div class=\"elementor-element elementor-element-16573f6 e-con-full e-flex e-con e-child\" data-id=\"16573f6\" data-element_type=\"container\" data-e-type=\"container\">\n\t\t\t\t<div class=\"elementor-element elementor-element-0fe2cfe elementor-widget elementor-widget-heading\" data-id=\"0fe2cfe\" data-element_type=\"widget\" data-e-type=\"widget\" data-widget_type=\"heading.default\">\n\t\t\t\t<div class=\"elementor-widget-container\">\n\t\t\t\t\t<h3 class=\"elementor-heading-title elementor-size-default\">Podr\u0119cznik: Plan dzia\u0142ania przedstawiaj\u0105cy sposoby mobilizacji i podnoszenia \u015bwiadomo\u015bci - Reskilling Labs: Metodologia najlepszych praktyk<\/h3>\t\t\t\t<\/div>\n\t\t\t\t<\/div>\n\t\t\t\t<div class=\"elementor-element elementor-element-4d7bdd7 elementor-widget elementor-widget-text-editor\" data-id=\"4d7bdd7\" data-element_type=\"widget\" data-e-type=\"widget\" data-widget_type=\"text-editor.default\">\n\t\t\t\t<div class=\"elementor-widget-container\">\n\t\t\t\t\t\t\t\t\t<p>Kompleksowe europejskie badanie zidentyfikuje skuteczne strategie motywowania zar\u00f3wno pracodawc\u00f3w, jak i pracownik\u00f3w do anga\u017cowania si\u0119 w inicjatywy podnoszenia i zmiany kwalifikacji, szczeg\u00f3lnie w kontek\u015bcie zielonej i cyfrowej transformacji. Badanie rozpocznie si\u0119 od przegl\u0105du najlepszych praktyk w ca\u0142ej UE i b\u0119dzie kontynuowane za pomoc\u0105 ukierunkowanych ankiet (docieraj\u0105cych do 300 cz\u0142onk\u00f3w EfVET i EAEA) oraz wywiad\u00f3w w celu zbadania niuans\u00f3w regionalnych i spo\u0142eczno-ekonomicznych. Opr\u00f3cz tego, dog\u0142\u0119bne badanie zbada, w jaki spos\u00f3b laboratoria Reskilling Labs mog\u0105 by\u0107 z powodzeniem tworzone i obs\u0142ugiwane na poziomie miejskim, przy jednoczesnym wspieraniu wsp\u00f3\u0142pracy z podobnymi inicjatywami na poziomie krajowym i mi\u0119dzynarodowym. Wyniki zostan\u0105 zebrane w praktycznym podr\u0119czniku wspieraj\u0105cym lokalne sieci w uruchamianiu i zarz\u0105dzaniu w\u0142asnymi laboratoriami Reskilling Labs.<\/p>\n\t\t\t\t\t\t\t\t<\/div>\n\t\t\t\t<\/div>\n\t\t\t\t<\/div>\n\t\t\t\t<\/div>\n\t\t\t\t\t<\/div>\n\t\t\t\t<\/div>\n\t\t<div class=\"elementor-element elementor-element-8ba94f9 e-flex e-con-boxed e-con e-parent\" data-id=\"8ba94f9\" data-element_type=\"container\" data-e-type=\"container\">\n\t\t\t\t\t<div class=\"e-con-inner\">\n\t\t\t\t<div class=\"elementor-element elementor-element-42b8e2d elementor-widget elementor-widget-spacer\" data-id=\"42b8e2d\" data-element_type=\"widget\" data-e-type=\"widget\" data-widget_type=\"spacer.default\">\n\t\t\t\t<div class=\"elementor-widget-container\">\n\t\t\t\t\t\t\t<div class=\"elementor-spacer\">\n\t\t\t<div class=\"elementor-spacer-inner\"><\/div>\n\t\t<\/div>\n\t\t\t\t\t\t<\/div>\n\t\t\t\t<\/div>\n\t\t\t\t\t<\/div>\n\t\t\t\t<\/div>\n\t\t<div class=\"elementor-element elementor-element-b49b3cf e-flex e-con-boxed e-con e-parent\" data-id=\"b49b3cf\" data-element_type=\"container\" data-e-type=\"container\">\n\t\t\t\t\t<div class=\"e-con-inner\">\n\t\t<div class=\"elementor-element elementor-element-b1191a2 e-con-full e-flex e-con e-child\" data-id=\"b1191a2\" data-element_type=\"container\" data-e-type=\"container\">\n\t\t<div class=\"elementor-element elementor-element-4a5e9a9 e-con-full e-flex e-con e-child\" data-id=\"4a5e9a9\" data-element_type=\"container\" data-e-type=\"container\">\n\t\t\t\t<div class=\"elementor-element elementor-element-e86e202 elementor-widget elementor-widget-image\" data-id=\"e86e202\" data-element_type=\"widget\" data-e-type=\"widget\" data-widget_type=\"image.default\">\n\t\t\t\t<div class=\"elementor-widget-container\">\n\t\t\t\t\t\t\t\t\t\t\t\t\t\t\t<img decoding=\"async\" width=\"512\" height=\"512\" src=\"https:\/\/coopskills.eu\/wp-content\/uploads\/2025\/05\/coopskills-color-icon2.png\" class=\"attachment-large size-large wp-image-878\" alt=\"\" srcset=\"https:\/\/coopskills.eu\/wp-content\/uploads\/2025\/05\/coopskills-color-icon2.png 512w, https:\/\/coopskills.eu\/wp-content\/uploads\/2025\/05\/coopskills-color-icon2-300x300.png 300w, https:\/\/coopskills.eu\/wp-content\/uploads\/2025\/05\/coopskills-color-icon2-150x150.png 150w\" sizes=\"(max-width: 512px) 100vw, 512px\" \/>\t\t\t\t\t\t\t\t\t\t\t\t\t\t\t<\/div>\n\t\t\t\t<\/div>\n\t\t\t\t<\/div>\n\t\t<div class=\"elementor-element elementor-element-df912af e-con-full e-flex e-con e-child\" data-id=\"df912af\" data-element_type=\"container\" data-e-type=\"container\">\n\t\t\t\t<div class=\"elementor-element elementor-element-9ed82d5 elementor-widget elementor-widget-heading\" data-id=\"9ed82d5\" data-element_type=\"widget\" data-e-type=\"widget\" data-widget_type=\"heading.default\">\n\t\t\t\t<div class=\"elementor-widget-container\">\n\t\t\t\t\t<h3 class=\"elementor-heading-title elementor-size-default\">Laboratoria Reskilling w praktyce<\/h3>\t\t\t\t<\/div>\n\t\t\t\t<\/div>\n\t\t\t\t<div class=\"elementor-element elementor-element-d78f952 elementor-widget elementor-widget-text-editor\" data-id=\"d78f952\" data-element_type=\"widget\" data-e-type=\"widget\" data-widget_type=\"text-editor.default\">\n\t\t\t\t<div class=\"elementor-widget-container\">\n\t\t\t\t\t\t\t\t\t<p>Cztery laboratoria Reskilling Labs zosta\u0142y utworzone i uruchomione w czterech krajach pilota\u017cowych. Kluczowi lokalni interesariusze zostali zaanga\u017cowani do udzia\u0142u w radach zarz\u0105dzaj\u0105cych laboratori\u00f3w. Zgodnie z instrukcjami i wytycznymi opracowanymi wcze\u015bniej w ramach projektu, zak\u0142adaj\u0105 one dzia\u0142alno\u015b\u0107 laboratori\u00f3w. Laboratoria Reskilling Labs, zarz\u0105dzane przez gminy, lokalne izby i instytucje kszta\u0142cenia i szkolenia zawodowego, s\u0105 dostosowane do konkretnych potrzeb lokalnego rynku pracy i si\u0142y roboczej. Takie podej\u015bcie doprowadzi do opracowania skutecznych strategii maj\u0105cych na celu zwi\u0119kszenie uczestnictwa os\u00f3b doros\u0142ych, w szczeg\u00f3lno\u015bci w zakresie podnoszenia i zmiany kwalifikacji pracownik\u00f3w w okresie przej\u015bciowym, a tak\u017ce os\u00f3b bezrobotnych lub nieaktywnych zawodowo. Nacisk zostanie po\u0142o\u017cony na pomoc pracownikom w przej\u015bciu z sektor\u00f3w schy\u0142kowych do rozwijaj\u0105cych si\u0119 sektor\u00f3w potrzebuj\u0105cych wykwalifikowanej si\u0142y roboczej dla zielonej i cyfrowej gospodarki. Kluczowym zadaniem Reskilling Labs jest identyfikacja lokalnych luk w umiej\u0119tno\u015bciach i tworzenie ukierunkowanych tre\u015bci szkoleniowych maj\u0105cych na celu podnoszenie i zmian\u0119 kwalifikacji nisko wykwalifikowanych pracownik\u00f3w na potrzeby zielonej i cyfrowej transformacji.<\/p>\n\t\t\t\t\t\t\t\t<\/div>\n\t\t\t\t<\/div>\n\t\t\t\t<\/div>\n\t\t\t\t<\/div>\n\t\t\t\t\t<\/div>\n\t\t\t\t<\/div>\n\t\t<div class=\"elementor-element elementor-element-2bd15f6 e-flex e-con-boxed e-con e-parent\" data-id=\"2bd15f6\" data-element_type=\"container\" data-e-type=\"container\">\n\t\t\t\t\t<div class=\"e-con-inner\">\n\t\t\t\t<div class=\"elementor-element elementor-element-efe4547 elementor-widget elementor-widget-spacer\" data-id=\"efe4547\" data-element_type=\"widget\" data-e-type=\"widget\" data-widget_type=\"spacer.default\">\n\t\t\t\t<div class=\"elementor-widget-container\">\n\t\t\t\t\t\t\t<div class=\"elementor-spacer\">\n\t\t\t<div class=\"elementor-spacer-inner\"><\/div>\n\t\t<\/div>\n\t\t\t\t\t\t<\/div>\n\t\t\t\t<\/div>\n\t\t\t\t\t<\/div>\n\t\t\t\t<\/div>\n\t\t<div class=\"elementor-element elementor-element-f91553c e-flex e-con-boxed e-con e-parent\" data-id=\"f91553c\" data-element_type=\"container\" data-e-type=\"container\">\n\t\t\t\t\t<div class=\"e-con-inner\">\n\t\t<div class=\"elementor-element elementor-element-6ba1c7d e-con-full e-flex e-con e-child\" data-id=\"6ba1c7d\" data-element_type=\"container\" data-e-type=\"container\">\n\t\t<div class=\"elementor-element elementor-element-a4644e6 e-con-full e-flex e-con e-child\" data-id=\"a4644e6\" data-element_type=\"container\" data-e-type=\"container\">\n\t\t\t\t<div class=\"elementor-element elementor-element-4c70cf0 elementor-widget elementor-widget-image\" data-id=\"4c70cf0\" data-element_type=\"widget\" data-e-type=\"widget\" data-widget_type=\"image.default\">\n\t\t\t\t<div class=\"elementor-widget-container\">\n\t\t\t\t\t\t\t\t\t\t\t\t\t\t\t<img loading=\"lazy\" decoding=\"async\" width=\"512\" height=\"512\" src=\"https:\/\/coopskills.eu\/wp-content\/uploads\/2025\/05\/coopskills-color-icon3.png\" class=\"attachment-large size-large wp-image-882\" alt=\"\" srcset=\"https:\/\/coopskills.eu\/wp-content\/uploads\/2025\/05\/coopskills-color-icon3.png 512w, https:\/\/coopskills.eu\/wp-content\/uploads\/2025\/05\/coopskills-color-icon3-300x300.png 300w, https:\/\/coopskills.eu\/wp-content\/uploads\/2025\/05\/coopskills-color-icon3-150x150.png 150w\" sizes=\"(max-width: 512px) 100vw, 512px\" \/>\t\t\t\t\t\t\t\t\t\t\t\t\t\t\t<\/div>\n\t\t\t\t<\/div>\n\t\t\t\t<\/div>\n\t\t<div class=\"elementor-element elementor-element-f31d823 e-con-full e-flex e-con e-child\" data-id=\"f31d823\" data-element_type=\"container\" data-e-type=\"container\">\n\t\t\t\t<div class=\"elementor-element elementor-element-bc855a0 elementor-widget elementor-widget-heading\" data-id=\"bc855a0\" data-element_type=\"widget\" data-e-type=\"widget\" data-widget_type=\"heading.default\">\n\t\t\t\t<div class=\"elementor-widget-container\">\n\t\t\t\t\t<h3 class=\"elementor-heading-title elementor-size-default\">Szkolenie\/doradztwo zawodowe\/materia\u0142y mentorskie<\/h3>\t\t\t\t<\/div>\n\t\t\t\t<\/div>\n\t\t\t\t<div class=\"elementor-element elementor-element-a99f1fc elementor-widget elementor-widget-text-editor\" data-id=\"a99f1fc\" data-element_type=\"widget\" data-e-type=\"widget\" data-widget_type=\"text-editor.default\">\n\t\t\t\t<div class=\"elementor-widget-container\">\n\t\t\t\t\t\t\t\t\t<p>Opracowane zostan\u0105 programy i materia\u0142y szkoleniowe dla sta\u017cyst\u00f3w, a tak\u017ce zasoby szkoleniowe dla doros\u0142ych trener\u00f3w, kt\u00f3rym towarzyszy\u0107 b\u0119d\u0105 odpowiednie podr\u0119czniki uwzgl\u0119dniaj\u0105ce najnowsze innowacyjne trendy w nauczaniu. Dodatkowo, wraz z narz\u0119dziami grywalizacyjnymi, stworzony zostanie ujednolicony zestaw narz\u0119dzi do poradnictwa zawodowego, doradztwa i mentoringu.<\/p>\n\t\t\t\t\t\t\t\t<\/div>\n\t\t\t\t<\/div>\n\t\t\t\t<\/div>\n\t\t\t\t<\/div>\n\t\t\t\t\t<\/div>\n\t\t\t\t<\/div>\n\t\t<div class=\"elementor-element elementor-element-ea50dc4 e-flex e-con-boxed e-con e-parent\" data-id=\"ea50dc4\" data-element_type=\"container\" data-e-type=\"container\">\n\t\t\t\t\t<div class=\"e-con-inner\">\n\t\t\t\t<div class=\"elementor-element elementor-element-ce9820f elementor-widget elementor-widget-spacer\" data-id=\"ce9820f\" data-element_type=\"widget\" data-e-type=\"widget\" data-widget_type=\"spacer.default\">\n\t\t\t\t<div class=\"elementor-widget-container\">\n\t\t\t\t\t\t\t<div class=\"elementor-spacer\">\n\t\t\t<div class=\"elementor-spacer-inner\"><\/div>\n\t\t<\/div>\n\t\t\t\t\t\t<\/div>\n\t\t\t\t<\/div>\n\t\t\t\t\t<\/div>\n\t\t\t\t<\/div>\n\t\t<div class=\"elementor-element elementor-element-1a4b9b6 e-flex e-con-boxed e-con e-parent\" data-id=\"1a4b9b6\" data-element_type=\"container\" data-e-type=\"container\">\n\t\t\t\t\t<div class=\"e-con-inner\">\n\t\t<div class=\"elementor-element elementor-element-71a521b e-con-full e-flex e-con e-child\" data-id=\"71a521b\" data-element_type=\"container\" data-e-type=\"container\">\n\t\t<div class=\"elementor-element elementor-element-852a39d e-con-full e-flex e-con e-child\" data-id=\"852a39d\" data-element_type=\"container\" data-e-type=\"container\">\n\t\t\t\t<div class=\"elementor-element elementor-element-100e77c elementor-widget elementor-widget-image\" data-id=\"100e77c\" data-element_type=\"widget\" data-e-type=\"widget\" data-widget_type=\"image.default\">\n\t\t\t\t<div class=\"elementor-widget-container\">\n\t\t\t\t\t\t\t\t\t\t\t\t\t\t\t<img loading=\"lazy\" decoding=\"async\" width=\"512\" height=\"512\" src=\"https:\/\/coopskills.eu\/wp-content\/uploads\/2025\/05\/coopskills-color-icon6.png\" class=\"attachment-large size-large wp-image-894\" alt=\"\" srcset=\"https:\/\/coopskills.eu\/wp-content\/uploads\/2025\/05\/coopskills-color-icon6.png 512w, https:\/\/coopskills.eu\/wp-content\/uploads\/2025\/05\/coopskills-color-icon6-300x300.png 300w, https:\/\/coopskills.eu\/wp-content\/uploads\/2025\/05\/coopskills-color-icon6-150x150.png 150w\" sizes=\"(max-width: 512px) 100vw, 512px\" \/>\t\t\t\t\t\t\t\t\t\t\t\t\t\t\t<\/div>\n\t\t\t\t<\/div>\n\t\t\t\t<\/div>\n\t\t<div class=\"elementor-element elementor-element-6a8a49f e-con-full e-flex e-con e-child\" data-id=\"6a8a49f\" data-element_type=\"container\" data-e-type=\"container\">\n\t\t\t\t<div class=\"elementor-element elementor-element-d410895 elementor-widget elementor-widget-heading\" data-id=\"d410895\" data-element_type=\"widget\" data-e-type=\"widget\" data-widget_type=\"heading.default\">\n\t\t\t\t<div class=\"elementor-widget-container\">\n\t\t\t\t\t<h3 class=\"elementor-heading-title elementor-size-default\">Eksperyment pilota\u017cowy<\/h3>\t\t\t\t<\/div>\n\t\t\t\t<\/div>\n\t\t\t\t<div class=\"elementor-element elementor-element-269e7f3 elementor-widget elementor-widget-text-editor\" data-id=\"269e7f3\" data-element_type=\"widget\" data-e-type=\"widget\" data-widget_type=\"text-editor.default\">\n\t\t\t\t<div class=\"elementor-widget-container\">\n\t\t\t\t\t\t\t\t\t<p>Interwencja pilota\u017cowa zostanie przeprowadzona w czterech krajach: Grecji, Hiszpanii, na Cyprze i Litwie. Ka\u017cdy kraj wdro\u017cy sw\u00f3j zintegrowany eksperyment innowacyjny w oparciu o projekty opracowane wcze\u015bniej w ramach projektu, z wzajemn\u0105 walidacj\u0105 poprzez wsp\u00f3lne dyskusje. Ka\u017cda gmina przeprowadzi najbardziej odpowiednie dzia\u0142ania motywacyjne w oparciu o wyniki i decyzje ju\u017c podj\u0119te.<\/p>\n<p>Pilota\u017cowe dzia\u0142ania szkoleniowe odb\u0119d\u0105 si\u0119 w ka\u017cdym obszarze pilota\u017cowym, w tym e-szkolenia dla trener\u00f3w, odpowiednie pilota\u017cowe sesje szkoleniowe oraz dzia\u0142ania szkoleniowe w firmie maj\u0105ce na celu podniesienie umiej\u0119tno\u015bci przy jednoczesnej ocenie i pomiarze skuteczno\u015bci interwencji w miejscu pracy. Interwencja obejmie r\u00f3wnie\u017c ocen\u0119 umiej\u0119tno\u015bci przy u\u017cyciu narz\u0119dzi grywalizacyjnych, a tak\u017ce dzia\u0142ania doradcze i mentorskie.<\/p>\n\t\t\t\t\t\t\t\t<\/div>\n\t\t\t\t<\/div>\n\t\t\t\t<\/div>\n\t\t\t\t<\/div>\n\t\t\t\t\t<\/div>\n\t\t\t\t<\/div>\n\t\t<div class=\"elementor-element elementor-element-230d8e6 e-flex e-con-boxed e-con e-parent\" data-id=\"230d8e6\" data-element_type=\"container\" data-e-type=\"container\">\n\t\t\t\t\t<div class=\"e-con-inner\">\n\t\t\t\t<div class=\"elementor-element elementor-element-43df35d elementor-widget elementor-widget-spacer\" data-id=\"43df35d\" data-element_type=\"widget\" data-e-type=\"widget\" data-widget_type=\"spacer.default\">\n\t\t\t\t<div class=\"elementor-widget-container\">\n\t\t\t\t\t\t\t<div class=\"elementor-spacer\">\n\t\t\t<div class=\"elementor-spacer-inner\"><\/div>\n\t\t<\/div>\n\t\t\t\t\t\t<\/div>\n\t\t\t\t<\/div>\n\t\t\t\t\t<\/div>\n\t\t\t\t<\/div>\n\t\t\t\t<\/div>\n\t\t","protected":false},"excerpt":{"rendered":"<p>Wyniki projektu Podr\u0119cznik: Plan dzia\u0142ania przedstawiaj\u0105cy sposoby mobilizacji i podnoszenia \u015bwiadomo\u015bci &#8211; Reskilling Labs: Metodologia najlepszych praktyk Kompleksowe europejskie badanie zidentyfikuje skuteczne strategie motywowania zar\u00f3wno pracodawc\u00f3w, jak i pracownik\u00f3w do anga\u017cowania si\u0119 w inicjatywy podnoszenia i zmiany kwalifikacji, szczeg\u00f3lnie w kontek\u015bcie zielonej i cyfrowej transformacji. Badanie rozpocznie si\u0119 od przegl\u0105du najlepszych praktyk w ca\u0142ej UE [&hellip;]<\/p>\n","protected":false},"author":3,"featured_media":950,"parent":0,"menu_order":0,"comment_status":"closed","ping_status":"closed","template":"","meta":{"footnotes":""},"class_list":["post-1211","page","type-page","status-publish","has-post-thumbnail","hentry"],"_links":{"self":[{"href":"https:\/\/coopskills.eu\/pl\/wp-json\/wp\/v2\/pages\/1211","targetHints":{"allow":["GET"]}}],"collection":[{"href":"https:\/\/coopskills.eu\/pl\/wp-json\/wp\/v2\/pages"}],"about":[{"href":"https:\/\/coopskills.eu\/pl\/wp-json\/wp\/v2\/types\/page"}],"author":[{"embeddable":true,"href":"https:\/\/coopskills.eu\/pl\/wp-json\/wp\/v2\/users\/3"}],"replies":[{"embeddable":true,"href":"https:\/\/coopskills.eu\/pl\/wp-json\/wp\/v2\/comments?post=1211"}],"version-history":[{"count":1,"href":"https:\/\/coopskills.eu\/pl\/wp-json\/wp\/v2\/pages\/1211\/revisions"}],"predecessor-version":[{"id":1212,"href":"https:\/\/coopskills.eu\/pl\/wp-json\/wp\/v2\/pages\/1211\/revisions\/1212"}],"wp:featuredmedia":[{"embeddable":true,"href":"https:\/\/coopskills.eu\/pl\/wp-json\/wp\/v2\/media\/950"}],"wp:attachment":[{"href":"https:\/\/coopskills.eu\/pl\/wp-json\/wp\/v2\/media?parent=1211"}],"curies":[{"name":"wp","href":"https:\/\/api.w.org\/{rel}","templated":true}]}}