{"id":2299,"date":"2026-03-24T14:00:57","date_gmt":"2026-03-24T14:00:57","guid":{"rendered":"https:\/\/coopskills.eu\/naujienlaiskiai\/"},"modified":"2026-03-24T14:00:58","modified_gmt":"2026-03-24T14:00:58","slug":"naujienlaiskiai","status":"publish","type":"page","link":"https:\/\/coopskills.eu\/lt\/naujienlaiskiai\/","title":{"rendered":"Naujienlai\u0161kiai"},"content":{"rendered":"\t\t<div data-elementor-type=\"wp-page\" data-elementor-id=\"2299\" class=\"elementor elementor-2299 elementor-1972\" data-elementor-post-type=\"page\">\n\t\t\t\t<div class=\"elementor-element elementor-element-ea45557 e-flex e-con-boxed e-con e-parent\" data-id=\"ea45557\" data-element_type=\"container\" data-e-type=\"container\" data-settings=\"{&quot;background_background&quot;:&quot;classic&quot;}\">\n\t\t\t\t\t<div class=\"e-con-inner\">\n\t\t<div class=\"elementor-element elementor-element-d903f2b e-con-full animated-slow e-flex elementor-invisible e-con e-child\" data-id=\"d903f2b\" data-element_type=\"container\" data-e-type=\"container\" data-settings=\"{&quot;background_background&quot;:&quot;classic&quot;,&quot;animation&quot;:&quot;slideInDown&quot;}\">\n\t\t\t\t<div class=\"elementor-element elementor-element-ad1fda2 elementor-widget elementor-widget-image\" data-id=\"ad1fda2\" data-element_type=\"widget\" data-e-type=\"widget\" data-widget_type=\"image.default\">\n\t\t\t\t<div class=\"elementor-widget-container\">\n\t\t\t\t\t\t\t\t\t\t\t\t\t\t\t<img fetchpriority=\"high\" decoding=\"async\" width=\"753\" height=\"1000\" src=\"https:\/\/coopskills.eu\/wp-content\/uploads\/2026\/02\/Newsletters-page_comp.png\" class=\"attachment-large size-large wp-image-1980\" alt=\"\" srcset=\"https:\/\/coopskills.eu\/wp-content\/uploads\/2026\/02\/Newsletters-page_comp.png 753w, https:\/\/coopskills.eu\/wp-content\/uploads\/2026\/02\/Newsletters-page_comp-226x300.png 226w\" sizes=\"(max-width: 753px) 100vw, 753px\" \/>\t\t\t\t\t\t\t\t\t\t\t\t\t\t\t<\/div>\n\t\t\t\t<\/div>\n\t\t\t\t<\/div>\n\t\t<div class=\"elementor-element elementor-element-9a50e72 e-con-full e-flex e-con e-child\" data-id=\"9a50e72\" data-element_type=\"container\" data-e-type=\"container\">\n\t\t\t\t<div class=\"elementor-element elementor-element-1de0caf elementor-widget elementor-widget-tp-heading-animation\" data-id=\"1de0caf\" data-element_type=\"widget\" data-e-type=\"widget\" data-widget_type=\"tp-heading-animation.default\">\n\t\t\t\t<div class=\"elementor-widget-container\">\n\t\t\t\t\t<style>.heading-animation69f3931c3b30b .pt-plus-cd-headline.loading-bar .cd-words-wrapper::after{background-color: #313131;}<\/style><div class=\"pt-plus-heading-animation heading-animation head-anim-style-6  heading-animation69f3931c3b30b\"  ><h1 class=\"pt-plus-cd-headline letters scale\" ><span >Projekto <\/span><span class=\"cd-words-wrapper style-6\"   ><b  class=\"is-visible \">naujienlai\u0161kis<\/b><\/span><\/h1><\/div>\t\t\t\t<\/div>\n\t\t\t\t<\/div>\n\t\t\t\t<div class=\"elementor-element elementor-element-2ef07e9 elementor-widget-divider--view-line elementor-widget elementor-widget-divider\" data-id=\"2ef07e9\" data-element_type=\"widget\" data-e-type=\"widget\" data-widget_type=\"divider.default\">\n\t\t\t\t<div class=\"elementor-widget-container\">\n\t\t\t\t\t\t\t<div class=\"elementor-divider\">\n\t\t\t<span class=\"elementor-divider-separator\">\n\t\t\t\t\t\t<\/span>\n\t\t<\/div>\n\t\t\t\t\t\t<\/div>\n\t\t\t\t<\/div>\n\t\t\t\t<\/div>\n\t\t\t\t\t<\/div>\n\t\t\t\t<\/div>\n\t\t<div class=\"elementor-element elementor-element-12e957a e-flex e-con-boxed e-con e-parent\" data-id=\"12e957a\" data-element_type=\"container\" data-e-type=\"container\">\n\t\t\t\t\t<div class=\"e-con-inner\">\n\t\t\t\t<div class=\"elementor-element elementor-element-09a5faf elementor-widget elementor-widget-spacer\" data-id=\"09a5faf\" data-element_type=\"widget\" data-e-type=\"widget\" data-widget_type=\"spacer.default\">\n\t\t\t\t<div class=\"elementor-widget-container\">\n\t\t\t\t\t\t\t<div class=\"elementor-spacer\">\n\t\t\t<div class=\"elementor-spacer-inner\"><\/div>\n\t\t<\/div>\n\t\t\t\t\t\t<\/div>\n\t\t\t\t<\/div>\n\t\t\t\t<div class=\"elementor-element elementor-element-7b2225f elementor-widget elementor-widget-heading\" data-id=\"7b2225f\" data-element_type=\"widget\" data-e-type=\"widget\" data-widget_type=\"heading.default\">\n\t\t\t\t<div class=\"elementor-widget-container\">\n\t\t\t\t\t<h2 class=\"elementor-heading-title elementor-size-default\">Sveiki atvyk\u0119 \u012f COOPSKILLS naujienlai\u0161ki\u0173 skilt\u012f!<\/h2>\t\t\t\t<\/div>\n\t\t\t\t<\/div>\n\t\t\t\t<div class=\"elementor-element elementor-element-28f4fab elementor-widget elementor-widget-text-editor\" data-id=\"28f4fab\" data-element_type=\"widget\" data-e-type=\"widget\" data-widget_type=\"text-editor.default\">\n\t\t\t\t<div class=\"elementor-widget-container\">\n\t\t\t\t\t\t\t\t\t<p>\u010cia galite susipa\u017einti su naujausiais COOPSKILLS projekto atnaujinimais, \u012f\u017evalgomis ir svarbiausiais pasiekimais, jiems vykstant. Kiekviename leidime pristatomos pagrindin\u0117s veiklos, tyrim\u0173 rezultatai, partneri\u0173 bendradarbiavimas ir b\u016bsimi veiksmai, skirti perkvalifikavimui, mokymuisi vis\u0105 gyvenim\u0105 ir vietini\u0173 \u012fg\u016bd\u017ei\u0173 ekosistem\u0173 stiprinimui.<\/p>\n<p>Per\u017ei\u016br\u0117kite m\u016bs\u0173 naujienlai\u0161kius ir sekite, kaip COOPSKILLS padeda suaugusiesiems, darbdaviams ir bendruomen\u0117ms prisitaikyti prie \u017ealiosios ir skaitmenin\u0117s transformacijos Europoje.<\/p>\n\t\t\t\t\t\t\t\t<\/div>\n\t\t\t\t<\/div>\n\t\t\t\t<div class=\"elementor-element elementor-element-67635c1 elementor-widget elementor-widget-spacer\" data-id=\"67635c1\" data-element_type=\"widget\" data-e-type=\"widget\" data-widget_type=\"spacer.default\">\n\t\t\t\t<div class=\"elementor-widget-container\">\n\t\t\t\t\t\t\t<div class=\"elementor-spacer\">\n\t\t\t<div class=\"elementor-spacer-inner\"><\/div>\n\t\t<\/div>\n\t\t\t\t\t\t<\/div>\n\t\t\t\t<\/div>\n\t\t\t\t\t<\/div>\n\t\t\t\t<\/div>\n\t\t<div class=\"elementor-element elementor-element-235143c e-flex e-con-boxed e-con e-parent\" data-id=\"235143c\" data-element_type=\"container\" data-e-type=\"container\">\n\t\t\t\t\t<div class=\"e-con-inner\">\n\t\t<div class=\"elementor-element elementor-element-234ef31 e-con-full e-flex e-con e-child\" data-id=\"234ef31\" data-element_type=\"container\" data-e-type=\"container\">\n\t\t\t\t<div class=\"elementor-element elementor-element-3717d77 elementor-widget elementor-widget-heading\" data-id=\"3717d77\" data-element_type=\"widget\" data-e-type=\"widget\" data-widget_type=\"heading.default\">\n\t\t\t\t<div class=\"elementor-widget-container\">\n\t\t\t\t\t<h3 class=\"elementor-heading-title elementor-size-default\">Naujienlai\u0161kis 1<\/h3>\t\t\t\t<\/div>\n\t\t\t\t<\/div>\n\t\t\t\t<div class=\"elementor-element elementor-element-2877b09 elementor-widget elementor-widget-shortcode\" data-id=\"2877b09\" data-element_type=\"widget\" data-e-type=\"widget\" data-widget_type=\"shortcode.default\">\n\t\t\t\t<div class=\"elementor-widget-container\">\n\t\t\t\t\t\t\t<div class=\"elementor-shortcode\"><div class=\"_df_thumb \" id=\"df_1991\"  title=\"newsletter-1\" _slug=\"newsletter-1\" wpoptions=\"true\" thumb=\"https:\/\/coopskills.eu\/wp-content\/uploads\/2025\/09\/EN_Newsletter1_mockup.png\" thumbtype=\"bg\" >Newsletter 1<\/div><script data-cfasync=\"false\">var option_df_1991 = {\"outline\":[],\"forceFit\":\"true\",\"autoEnableOutline\":\"false\",\"autoEnableThumbnail\":\"false\",\"overwritePDFOutline\":\"false\",\"direction\":\"1\",\"pageSize\":\"0\",\"source\":\"https:\\\/\\\/coopskills.eu\\\/wp-content\\\/uploads\\\/2025\\\/09\\\/EN_Newsletter_1_COOPSKILLS.pdf\",\"wpOptions\":\"true\"}; if(window.DFLIP && DFLIP.parseBooks){DFLIP.parseBooks();}<\/script><\/div>\n\t\t\t\t\t\t<\/div>\n\t\t\t\t<\/div>\n\t\t\t\t<\/div>\n\t\t<div class=\"elementor-element elementor-element-248556e e-con-full e-flex e-con e-child\" data-id=\"248556e\" data-element_type=\"container\" data-e-type=\"container\">\n\t\t\t\t<div class=\"elementor-element elementor-element-3d3b0dc elementor-widget elementor-widget-heading\" data-id=\"3d3b0dc\" data-element_type=\"widget\" data-e-type=\"widget\" data-widget_type=\"heading.default\">\n\t\t\t\t<div class=\"elementor-widget-container\">\n\t\t\t\t\t<h3 class=\"elementor-heading-title elementor-size-default\">Naujienlai\u0161kis 2<\/h3>\t\t\t\t<\/div>\n\t\t\t\t<\/div>\n\t\t\t\t<div class=\"elementor-element elementor-element-c4bffc0 elementor-widget elementor-widget-shortcode\" data-id=\"c4bffc0\" data-element_type=\"widget\" data-e-type=\"widget\" data-widget_type=\"shortcode.default\">\n\t\t\t\t<div class=\"elementor-widget-container\">\n\t\t\t\t\t\t\t<div class=\"elementor-shortcode\"><div class=\"_df_thumb \" id=\"df_1993\"  title=\"newsletter-2\" _slug=\"newsletter-2\" wpoptions=\"true\" thumb=\"https:\/\/coopskills.eu\/wp-content\/uploads\/2026\/02\/EN_newsletter-2_black_.png\" thumbtype=\"bg\" >Newsletter 2<\/div><script data-cfasync=\"false\">var option_df_1993 = {\"outline\":[],\"forceFit\":\"true\",\"autoEnableOutline\":\"false\",\"autoEnableThumbnail\":\"false\",\"overwritePDFOutline\":\"false\",\"direction\":\"1\",\"pageSize\":\"0\",\"source\":\"https:\\\/\\\/coopskills.eu\\\/wp-content\\\/uploads\\\/2026\\\/02\\\/Newsletter2_EN.pdf\",\"wpOptions\":\"true\"}; if(window.DFLIP && DFLIP.parseBooks){DFLIP.parseBooks();}<\/script><\/div>\n\t\t\t\t\t\t<\/div>\n\t\t\t\t<\/div>\n\t\t\t\t<\/div>\n\t\t<div class=\"elementor-element elementor-element-d7629e1 e-con-full e-flex e-con e-child\" data-id=\"d7629e1\" data-element_type=\"container\" data-e-type=\"container\">\n\t\t\t\t<\/div>\n\t\t\t\t\t<\/div>\n\t\t\t\t<\/div>\n\t\t<div class=\"elementor-element elementor-element-ccdff71 e-flex e-con-boxed e-con e-parent\" data-id=\"ccdff71\" data-element_type=\"container\" data-e-type=\"container\">\n\t\t\t\t\t<div class=\"e-con-inner\">\n\t\t\t\t<div class=\"elementor-element elementor-element-dc30856 elementor-widget elementor-widget-spacer\" data-id=\"dc30856\" data-element_type=\"widget\" data-e-type=\"widget\" data-widget_type=\"spacer.default\">\n\t\t\t\t<div class=\"elementor-widget-container\">\n\t\t\t\t\t\t\t<div class=\"elementor-spacer\">\n\t\t\t<div class=\"elementor-spacer-inner\"><\/div>\n\t\t<\/div>\n\t\t\t\t\t\t<\/div>\n\t\t\t\t<\/div>\n\t\t\t\t\t<\/div>\n\t\t\t\t<\/div>\n\t\t<div class=\"elementor-element elementor-element-576ba1b e-flex e-con-boxed e-con e-parent\" data-id=\"576ba1b\" data-element_type=\"container\" data-e-type=\"container\">\n\t\t\t\t\t<div class=\"e-con-inner\">\n\t\t<div class=\"elementor-element elementor-element-10033cc e-con-full e-flex e-con e-child\" data-id=\"10033cc\" data-element_type=\"container\" data-e-type=\"container\">\n\t\t\t\t<div class=\"elementor-element elementor-element-0727210 elementor-widget elementor-widget-heading\" data-id=\"0727210\" data-element_type=\"widget\" data-e-type=\"widget\" data-widget_type=\"heading.default\">\n\t\t\t\t<div class=\"elementor-widget-container\">\n\t\t\t\t\t<h2 class=\"elementor-heading-title elementor-size-default\">Prenumeruokite<\/h2>\t\t\t\t<\/div>\n\t\t\t\t<\/div>\n\t\t\t\t<div class=\"elementor-element elementor-element-717062f elementor-widget elementor-widget-text-editor\" data-id=\"717062f\" data-element_type=\"widget\" data-e-type=\"widget\" data-widget_type=\"text-editor.default\">\n\t\t\t\t<div class=\"elementor-widget-container\">\n\t\t\t\t\t\t\t\t\t<p>Nor\u0117dami gauti b\u016bsimus leidimus tiesiai \u012f savo el. pa\u0161to d\u0117\u017eut\u0119, <strong>kvie\u010diame prenumeruoti COOPSKILLS naujienlai\u0161k\u012f<\/strong> ir sekti projekto pa\u017eang\u0105.<\/p>\n\t\t\t\t\t\t\t\t<\/div>\n\t\t\t\t<\/div>\n\t\t\t\t<div class=\"elementor-element elementor-element-bf79f20 elementor-widget elementor-widget-text-editor\" data-id=\"bf79f20\" data-element_type=\"widget\" data-e-type=\"widget\" data-widget_type=\"text-editor.default\">\n\t\t\t\t<div class=\"elementor-widget-container\">\n\t\t\t\t\t\t\t\t\t<p><strong>Sekite COOPSKILLS kelion\u0119.<\/strong><br \/>Prenumeruokite, kad gautum\u0117te atnaujinimus, \u012f\u017evalgas ir naujienas apie projekt\u0105 tiesiai \u012f savo el. pa\u0161t\u0105.<\/p>\n\t\t\t\t\t\t\t\t<\/div>\n\t\t\t\t<\/div>\n\t\t\t\t<\/div>\n\t\t<div class=\"elementor-element elementor-element-bf4b346 e-con-full e-flex e-con e-child\" data-id=\"bf4b346\" data-element_type=\"container\" data-e-type=\"container\">\n\t\t\t\t<div class=\"elementor-element elementor-element-9eb9986 elementor-button-align-stretch elementor-widget elementor-widget-form\" data-id=\"9eb9986\" data-element_type=\"widget\" data-e-type=\"widget\" data-settings=\"{&quot;step_next_label&quot;:&quot;Kitas&quot;,&quot;step_previous_label&quot;:&quot;Ankstesnis&quot;,&quot;button_width&quot;:&quot;100&quot;,&quot;step_type&quot;:&quot;number_text&quot;,&quot;step_icon_shape&quot;:&quot;circle&quot;}\" data-widget_type=\"form.default\">\n\t\t\t\t<div class=\"elementor-widget-container\">\n\t\t\t\t\t\t\t<form class=\"elementor-form\" method=\"post\" name=\"Newsletter Registration LT\" aria-label=\"Newsletter Registration LT\">\n\t\t\t<input type=\"hidden\" name=\"post_id\" value=\"2299\"\/>\n\t\t\t<input type=\"hidden\" name=\"form_id\" value=\"9eb9986\"\/>\n\t\t\t<input type=\"hidden\" name=\"referer_title\" value=\"\" \/>\n\n\t\t\t\n\t\t\t<div class=\"elementor-form-fields-wrapper elementor-labels-above\">\n\t\t\t\t\t\t\t\t<div class=\"elementor-field-type-email elementor-field-group elementor-column elementor-field-group-email elementor-col-50 elementor-field-required elementor-mark-required\">\n\t\t\t\t\t\t\t\t\t\t\t\t<label for=\"form-field-email\" class=\"elementor-field-label\">\n\t\t\t\t\t\t\t\tEl. pa\u0161tas\t\t\t\t\t\t\t<\/label>\n\t\t\t\t\t\t\t\t\t\t\t\t\t\t<input size=\"1\" type=\"email\" name=\"form_fields[email]\" id=\"form-field-email\" class=\"elementor-field elementor-size-sm  elementor-field-textual\" placeholder=\"El. pa\u0161tas\" required=\"required\">\n\t\t\t\t\t\t\t\t\t\t\t<\/div>\n\t\t\t\t\t\t\t\t<div class=\"elementor-field-type-text elementor-field-group elementor-column elementor-field-group-name elementor-col-50 elementor-field-required elementor-mark-required\">\n\t\t\t\t\t\t\t\t\t\t\t\t<label for=\"form-field-name\" class=\"elementor-field-label\">\n\t\t\t\t\t\t\t\tVardas\t\t\t\t\t\t\t<\/label>\n\t\t\t\t\t\t\t\t\t\t\t\t\t\t<input size=\"1\" type=\"text\" name=\"form_fields[name]\" id=\"form-field-name\" class=\"elementor-field elementor-size-sm  elementor-field-textual\" placeholder=\"Vardas\" required=\"required\">\n\t\t\t\t\t\t\t\t\t\t\t<\/div>\n\t\t\t\t\t\t\t\t<div class=\"elementor-field-type-text elementor-field-group elementor-column elementor-field-group-field_6c4d66b elementor-col-50 elementor-field-required elementor-mark-required\">\n\t\t\t\t\t\t\t\t\t\t\t\t<label for=\"form-field-field_6c4d66b\" class=\"elementor-field-label\">\n\t\t\t\t\t\t\t\tPavard\u0117\t\t\t\t\t\t\t<\/label>\n\t\t\t\t\t\t\t\t\t\t\t\t\t\t<input size=\"1\" type=\"text\" name=\"form_fields[field_6c4d66b]\" id=\"form-field-field_6c4d66b\" class=\"elementor-field elementor-size-sm  elementor-field-textual\" placeholder=\"Pavard\u0117\" required=\"required\">\n\t\t\t\t\t\t\t\t\t\t\t<\/div>\n\t\t\t\t\t\t\t\t<div class=\"elementor-field-type-text elementor-field-group elementor-column elementor-field-group-field_d726d1d elementor-col-50 elementor-field-required elementor-mark-required\">\n\t\t\t\t\t\t\t\t\t\t\t\t<label for=\"form-field-field_d726d1d\" class=\"elementor-field-label\">\n\t\t\t\t\t\t\t\t\u0160alis\t\t\t\t\t\t\t<\/label>\n\t\t\t\t\t\t\t\t\t\t\t\t\t\t<input size=\"1\" type=\"text\" name=\"form_fields[field_d726d1d]\" id=\"form-field-field_d726d1d\" class=\"elementor-field elementor-size-sm  elementor-field-textual\" placeholder=\"\u0160alis\" required=\"required\">\n\t\t\t\t\t\t\t\t\t\t\t<\/div>\n\t\t\t\t\t\t\t\t<div class=\"elementor-field-type-text elementor-field-group elementor-column elementor-field-group-field_4611ec2 elementor-col-50\">\n\t\t\t\t\t\t\t\t\t\t\t\t<label for=\"form-field-field_4611ec2\" class=\"elementor-field-label\">\n\t\t\t\t\t\t\t\tOrganizacija\t\t\t\t\t\t\t<\/label>\n\t\t\t\t\t\t\t\t\t\t\t\t\t\t<input size=\"1\" type=\"text\" name=\"form_fields[field_4611ec2]\" id=\"form-field-field_4611ec2\" class=\"elementor-field elementor-size-sm  elementor-field-textual\" placeholder=\"Organizacija\">\n\t\t\t\t\t\t\t\t\t\t\t<\/div>\n\t\t\t\t\t\t\t\t<div class=\"elementor-field-type-text elementor-field-group elementor-column elementor-field-group-field_5733ef4 elementor-col-50\">\n\t\t\t\t\t\t\t\t\t\t\t\t<label for=\"form-field-field_5733ef4\" class=\"elementor-field-label\">\n\t\t\t\t\t\t\t\tPareigos organizacijoje\t\t\t\t\t\t\t<\/label>\n\t\t\t\t\t\t\t\t\t\t\t\t\t\t<input size=\"1\" type=\"text\" name=\"form_fields[field_5733ef4]\" id=\"form-field-field_5733ef4\" class=\"elementor-field elementor-size-sm  elementor-field-textual\" placeholder=\"Pareigos organizacijoje\">\n\t\t\t\t\t\t\t\t\t\t\t<\/div>\n\t\t\t\t\t\t\t\t<div class=\"elementor-field-group elementor-column elementor-field-type-submit elementor-col-100 e-form__buttons\">\n\t\t\t\t\t<button class=\"elementor-button elementor-size-sm\" type=\"submit\">\n\t\t\t\t\t\t<span class=\"elementor-button-content-wrapper\">\n\t\t\t\t\t\t\t\t\t\t\t\t\t\t\t\t\t\t\t\t\t\t<span class=\"elementor-button-text\">Prenumeruokite<\/span>\n\t\t\t\t\t\t\t\t\t\t\t\t\t<\/span>\n\t\t\t\t\t<\/button>\n\t\t\t\t<\/div>\n\t\t\t<\/div>\n\t\t<\/form>\n\t\t\t\t\t\t<\/div>\n\t\t\t\t<\/div>\n\t\t\t\t<\/div>\n\t\t\t\t\t<\/div>\n\t\t\t\t<\/div>\n\t\t<div class=\"elementor-element elementor-element-b9cc8ae e-flex e-con-boxed e-con e-parent\" data-id=\"b9cc8ae\" data-element_type=\"container\" data-e-type=\"container\">\n\t\t\t\t\t<div class=\"e-con-inner\">\n\t\t\t\t<div class=\"elementor-element elementor-element-fb2563b elementor-widget elementor-widget-spacer\" data-id=\"fb2563b\" data-element_type=\"widget\" data-e-type=\"widget\" data-widget_type=\"spacer.default\">\n\t\t\t\t<div class=\"elementor-widget-container\">\n\t\t\t\t\t\t\t<div class=\"elementor-spacer\">\n\t\t\t<div class=\"elementor-spacer-inner\"><\/div>\n\t\t<\/div>\n\t\t\t\t\t\t<\/div>\n\t\t\t\t<\/div>\n\t\t\t\t\t<\/div>\n\t\t\t\t<\/div>\n\t\t\t\t<\/div>\n\t\t","protected":false},"excerpt":{"rendered":"<p>Projekto naujienlai\u0161kis Sveiki atvyk\u0119 \u012f COOPSKILLS naujienlai\u0161ki\u0173 skilt\u012f! \u010cia galite susipa\u017einti su naujausiais COOPSKILLS projekto atnaujinimais, \u012f\u017evalgomis ir svarbiausiais pasiekimais, jiems vykstant. Kiekviename leidime pristatomos pagrindin\u0117s veiklos, tyrim\u0173 rezultatai, partneri\u0173 bendradarbiavimas ir b\u016bsimi veiksmai, skirti perkvalifikavimui, mokymuisi vis\u0105 gyvenim\u0105 ir vietini\u0173 \u012fg\u016bd\u017ei\u0173 ekosistem\u0173 stiprinimui. Per\u017ei\u016br\u0117kite m\u016bs\u0173 naujienlai\u0161kius ir sekite, kaip COOPSKILLS padeda suaugusiesiems, darbdaviams ir [&hellip;]<\/p>\n","protected":false},"author":2,"featured_media":0,"parent":0,"menu_order":0,"comment_status":"closed","ping_status":"closed","template":"","meta":{"footnotes":""},"class_list":["post-2299","page","type-page","status-publish","hentry"],"_links":{"self":[{"href":"https:\/\/coopskills.eu\/lt\/wp-json\/wp\/v2\/pages\/2299","targetHints":{"allow":["GET"]}}],"collection":[{"href":"https:\/\/coopskills.eu\/lt\/wp-json\/wp\/v2\/pages"}],"about":[{"href":"https:\/\/coopskills.eu\/lt\/wp-json\/wp\/v2\/types\/page"}],"author":[{"embeddable":true,"href":"https:\/\/coopskills.eu\/lt\/wp-json\/wp\/v2\/users\/2"}],"replies":[{"embeddable":true,"href":"https:\/\/coopskills.eu\/lt\/wp-json\/wp\/v2\/comments?post=2299"}],"version-history":[{"count":1,"href":"https:\/\/coopskills.eu\/lt\/wp-json\/wp\/v2\/pages\/2299\/revisions"}],"predecessor-version":[{"id":2300,"href":"https:\/\/coopskills.eu\/lt\/wp-json\/wp\/v2\/pages\/2299\/revisions\/2300"}],"wp:attachment":[{"href":"https:\/\/coopskills.eu\/lt\/wp-json\/wp\/v2\/media?parent=2299"}],"curies":[{"name":"wp","href":"https:\/\/api.w.org\/{rel}","templated":true}]}}