{"id":1061,"date":"2025-07-23T13:16:12","date_gmt":"2025-07-23T13:16:12","guid":{"rendered":"https:\/\/coopskills.eu\/resultados\/"},"modified":"2025-07-23T13:16:12","modified_gmt":"2025-07-23T13:16:12","slug":"resultados","status":"publish","type":"page","link":"https:\/\/coopskills.eu\/es\/resultados\/","title":{"rendered":"resultados"},"content":{"rendered":"\t\t<div data-elementor-type=\"wp-page\" data-elementor-id=\"1061\" class=\"elementor elementor-1061 elementor-22\" data-elementor-post-type=\"page\">\n\t\t\t\t<div class=\"elementor-element elementor-element-eedcffc e-flex e-con-boxed e-con e-parent\" data-id=\"eedcffc\" data-element_type=\"container\" data-e-type=\"container\" data-settings=\"{&quot;background_background&quot;:&quot;classic&quot;}\">\n\t\t\t\t\t<div class=\"e-con-inner\">\n\t\t<div class=\"elementor-element elementor-element-bc9da45 e-con-full animated-slow e-flex elementor-invisible e-con e-child\" data-id=\"bc9da45\" data-element_type=\"container\" data-e-type=\"container\" data-settings=\"{&quot;background_background&quot;:&quot;classic&quot;,&quot;animation&quot;:&quot;slideInDown&quot;}\">\n\t\t\t\t<div class=\"elementor-element elementor-element-f6d0854 elementor-widget elementor-widget-image\" data-id=\"f6d0854\" data-element_type=\"widget\" data-e-type=\"widget\" data-widget_type=\"image.default\">\n\t\t\t\t<div class=\"elementor-widget-container\">\n\t\t\t\t\t\t\t\t\t\t\t\t\t\t\t<img fetchpriority=\"high\" decoding=\"async\" width=\"750\" height=\"900\" src=\"https:\/\/coopskills.eu\/wp-content\/uploads\/2025\/05\/results-image-coopskills.png\" class=\"attachment-large size-large wp-image-871\" alt=\"\" srcset=\"https:\/\/coopskills.eu\/wp-content\/uploads\/2025\/05\/results-image-coopskills.png 750w, https:\/\/coopskills.eu\/wp-content\/uploads\/2025\/05\/results-image-coopskills-250x300.png 250w\" sizes=\"(max-width: 750px) 100vw, 750px\" \/>\t\t\t\t\t\t\t\t\t\t\t\t\t\t\t<\/div>\n\t\t\t\t<\/div>\n\t\t\t\t<\/div>\n\t\t<div class=\"elementor-element elementor-element-04a2669 e-con-full e-flex e-con e-child\" data-id=\"04a2669\" data-element_type=\"container\" data-e-type=\"container\">\n\t\t\t\t<div class=\"elementor-element elementor-element-d97db85 elementor-widget elementor-widget-tp-heading-animation\" data-id=\"d97db85\" data-element_type=\"widget\" data-e-type=\"widget\" data-widget_type=\"tp-heading-animation.default\">\n\t\t\t\t<div class=\"elementor-widget-container\">\n\t\t\t\t\t<style>.heading-animation69f41132a8a54 .pt-plus-cd-headline.loading-bar .cd-words-wrapper::after{background-color: #313131;}<\/style><div class=\"pt-plus-heading-animation heading-animation head-anim-style-6  heading-animation69f41132a8a54\"  ><h1 class=\"pt-plus-cd-headline letters scale\" ><span >Resultados <\/span><span class=\"cd-words-wrapper style-6\"   ><b  class=\"is-visible \">del proyecto<\/b><\/span><\/h1><\/div>\t\t\t\t<\/div>\n\t\t\t\t<\/div>\n\t\t\t\t<div class=\"elementor-element elementor-element-0ee203a elementor-widget-divider--view-line elementor-widget elementor-widget-divider\" data-id=\"0ee203a\" data-element_type=\"widget\" data-e-type=\"widget\" data-widget_type=\"divider.default\">\n\t\t\t\t<div class=\"elementor-widget-container\">\n\t\t\t\t\t\t\t<div class=\"elementor-divider\">\n\t\t\t<span class=\"elementor-divider-separator\">\n\t\t\t\t\t\t<\/span>\n\t\t<\/div>\n\t\t\t\t\t\t<\/div>\n\t\t\t\t<\/div>\n\t\t\t\t<\/div>\n\t\t\t\t\t<\/div>\n\t\t\t\t<\/div>\n\t\t<div class=\"elementor-element elementor-element-f63be8c e-flex e-con-boxed e-con e-parent\" data-id=\"f63be8c\" data-element_type=\"container\" data-e-type=\"container\">\n\t\t\t\t\t<div class=\"e-con-inner\">\n\t\t\t\t<div class=\"elementor-element elementor-element-c11cc53 elementor-widget elementor-widget-spacer\" data-id=\"c11cc53\" data-element_type=\"widget\" data-e-type=\"widget\" data-widget_type=\"spacer.default\">\n\t\t\t\t<div class=\"elementor-widget-container\">\n\t\t\t\t\t\t\t<div class=\"elementor-spacer\">\n\t\t\t<div class=\"elementor-spacer-inner\"><\/div>\n\t\t<\/div>\n\t\t\t\t\t\t<\/div>\n\t\t\t\t<\/div>\n\t\t\t\t\t<\/div>\n\t\t\t\t<\/div>\n\t\t<div class=\"elementor-element elementor-element-a94d454 e-flex e-con-boxed e-con e-parent\" data-id=\"a94d454\" data-element_type=\"container\" data-e-type=\"container\">\n\t\t\t\t\t<div class=\"e-con-inner\">\n\t\t<div class=\"elementor-element elementor-element-f4d9801 e-con-full e-flex e-con e-child\" data-id=\"f4d9801\" data-element_type=\"container\" data-e-type=\"container\">\n\t\t<div class=\"elementor-element elementor-element-af2691f e-con-full e-flex e-con e-child\" data-id=\"af2691f\" data-element_type=\"container\" data-e-type=\"container\">\n\t\t\t\t<div class=\"elementor-element elementor-element-df0eec6 elementor-widget elementor-widget-image\" data-id=\"df0eec6\" data-element_type=\"widget\" data-e-type=\"widget\" data-widget_type=\"image.default\">\n\t\t\t\t<div class=\"elementor-widget-container\">\n\t\t\t\t\t\t\t\t\t\t\t\t\t\t\t<img decoding=\"async\" width=\"512\" height=\"512\" src=\"https:\/\/coopskills.eu\/wp-content\/uploads\/2025\/05\/coopskills-color-icon1.png\" class=\"attachment-large size-large wp-image-875\" alt=\"\" srcset=\"https:\/\/coopskills.eu\/wp-content\/uploads\/2025\/05\/coopskills-color-icon1.png 512w, https:\/\/coopskills.eu\/wp-content\/uploads\/2025\/05\/coopskills-color-icon1-300x300.png 300w, https:\/\/coopskills.eu\/wp-content\/uploads\/2025\/05\/coopskills-color-icon1-150x150.png 150w\" sizes=\"(max-width: 512px) 100vw, 512px\" \/>\t\t\t\t\t\t\t\t\t\t\t\t\t\t\t<\/div>\n\t\t\t\t<\/div>\n\t\t\t\t<\/div>\n\t\t<div class=\"elementor-element elementor-element-16573f6 e-con-full e-flex e-con e-child\" data-id=\"16573f6\" data-element_type=\"container\" data-e-type=\"container\">\n\t\t\t\t<div class=\"elementor-element elementor-element-0fe2cfe elementor-widget elementor-widget-heading\" data-id=\"0fe2cfe\" data-element_type=\"widget\" data-e-type=\"widget\" data-widget_type=\"heading.default\">\n\t\t\t\t<div class=\"elementor-widget-container\">\n\t\t\t\t\t<h3 class=\"elementor-heading-title elementor-size-default\">Manual: Hoja de ruta para la Movilizaci\u00f3n y la Concienciaci\u00f3n \u2013 Laboratorios de Recualificaci\u00f3n: Una Metodolog\u00eda de Buenas Pr\u00e1cticas<\/h3>\t\t\t\t<\/div>\n\t\t\t\t<\/div>\n\t\t\t\t<div class=\"elementor-element elementor-element-4d7bdd7 elementor-widget elementor-widget-text-editor\" data-id=\"4d7bdd7\" data-element_type=\"widget\" data-e-type=\"widget\" data-widget_type=\"text-editor.default\">\n\t\t\t\t<div class=\"elementor-widget-container\">\n\t\t\t\t\t\t\t\t\t<p>Se llevar\u00e1 a cabo un estudio europeo exhaustivo para identificar estrategias eficaces que motiven tanto a empleadores como a trabajadores a involucrarse en iniciativas de mejora y recualificaci\u00f3n, especialmente en el contexto de la transici\u00f3n verde y digital.<br \/>La investigaci\u00f3n comenzar\u00e1 con una revisi\u00f3n documental de buenas pr\u00e1cticas en toda la UE y continuar\u00e1 con encuestas dirigidas (que alcanzar\u00e1n a 300 miembros de EfVET y EAEA) e entrevistas para explorar matices regionales y socioecon\u00f3micos.<br \/>Paralelamente, se realizar\u00e1 un estudio en profundidad sobre c\u00f3mo establecer y operar con \u00e9xito los Laboratorios de Recualificaci\u00f3n a nivel municipal, fomentando adem\u00e1s la colaboraci\u00f3n con iniciativas similares a nivel nacional e internacional.<br \/>Los resultados se recopilar\u00e1n en un manual pr\u00e1ctico para apoyar a las redes locales en el lanzamiento y gesti\u00f3n de sus propios Laboratorios de Recualificaci\u00f3n.<\/p>\n\t\t\t\t\t\t\t\t<\/div>\n\t\t\t\t<\/div>\n\t\t\t\t<\/div>\n\t\t\t\t<\/div>\n\t\t\t\t\t<\/div>\n\t\t\t\t<\/div>\n\t\t<div class=\"elementor-element elementor-element-8ba94f9 e-flex e-con-boxed e-con e-parent\" data-id=\"8ba94f9\" data-element_type=\"container\" data-e-type=\"container\">\n\t\t\t\t\t<div class=\"e-con-inner\">\n\t\t\t\t<div class=\"elementor-element elementor-element-42b8e2d elementor-widget elementor-widget-spacer\" data-id=\"42b8e2d\" data-element_type=\"widget\" data-e-type=\"widget\" data-widget_type=\"spacer.default\">\n\t\t\t\t<div class=\"elementor-widget-container\">\n\t\t\t\t\t\t\t<div class=\"elementor-spacer\">\n\t\t\t<div class=\"elementor-spacer-inner\"><\/div>\n\t\t<\/div>\n\t\t\t\t\t\t<\/div>\n\t\t\t\t<\/div>\n\t\t\t\t\t<\/div>\n\t\t\t\t<\/div>\n\t\t<div class=\"elementor-element elementor-element-b49b3cf e-flex e-con-boxed e-con e-parent\" data-id=\"b49b3cf\" data-element_type=\"container\" data-e-type=\"container\">\n\t\t\t\t\t<div class=\"e-con-inner\">\n\t\t<div class=\"elementor-element elementor-element-b1191a2 e-con-full e-flex e-con e-child\" data-id=\"b1191a2\" data-element_type=\"container\" data-e-type=\"container\">\n\t\t<div class=\"elementor-element elementor-element-4a5e9a9 e-con-full e-flex e-con e-child\" data-id=\"4a5e9a9\" data-element_type=\"container\" data-e-type=\"container\">\n\t\t\t\t<div class=\"elementor-element elementor-element-e86e202 elementor-widget elementor-widget-image\" data-id=\"e86e202\" data-element_type=\"widget\" data-e-type=\"widget\" data-widget_type=\"image.default\">\n\t\t\t\t<div class=\"elementor-widget-container\">\n\t\t\t\t\t\t\t\t\t\t\t\t\t\t\t<img decoding=\"async\" width=\"512\" height=\"512\" src=\"https:\/\/coopskills.eu\/wp-content\/uploads\/2025\/05\/coopskills-color-icon2.png\" class=\"attachment-large size-large wp-image-879\" alt=\"\" srcset=\"https:\/\/coopskills.eu\/wp-content\/uploads\/2025\/05\/coopskills-color-icon2.png 512w, https:\/\/coopskills.eu\/wp-content\/uploads\/2025\/05\/coopskills-color-icon2-300x300.png 300w, https:\/\/coopskills.eu\/wp-content\/uploads\/2025\/05\/coopskills-color-icon2-150x150.png 150w\" sizes=\"(max-width: 512px) 100vw, 512px\" \/>\t\t\t\t\t\t\t\t\t\t\t\t\t\t\t<\/div>\n\t\t\t\t<\/div>\n\t\t\t\t<\/div>\n\t\t<div class=\"elementor-element elementor-element-df912af e-con-full e-flex e-con e-child\" data-id=\"df912af\" data-element_type=\"container\" data-e-type=\"container\">\n\t\t\t\t<div class=\"elementor-element elementor-element-9ed82d5 elementor-widget elementor-widget-heading\" data-id=\"9ed82d5\" data-element_type=\"widget\" data-e-type=\"widget\" data-widget_type=\"heading.default\">\n\t\t\t\t<div class=\"elementor-widget-container\">\n\t\t\t\t\t<h3 class=\"elementor-heading-title elementor-size-default\">Laboratorios de Recualificaci\u00f3n en la Pr\u00e1ctica<\/h3>\t\t\t\t<\/div>\n\t\t\t\t<\/div>\n\t\t\t\t<div class=\"elementor-element elementor-element-d78f952 elementor-widget elementor-widget-text-editor\" data-id=\"d78f952\" data-element_type=\"widget\" data-e-type=\"widget\" data-widget_type=\"text-editor.default\">\n\t\t\t\t<div class=\"elementor-widget-container\">\n\t\t\t\t\t\t\t\t\t<p>Se han establecido y activado cuatro Laboratorios de Recualificaci\u00f3n en los cuatro pa\u00edses piloto. Se ha involucrado a actores clave locales para participar en los consejos de direcci\u00f3n de los laboratorios.<br \/>Siguiendo los manuales y directrices desarrollados previamente en el proyecto, se organizan las operaciones de los laboratorios.<br \/>Gestionados por municipios, c\u00e1maras locales y proveedores de VET\/formaci\u00f3n, estos laboratorios est\u00e1n adaptados para responder a las necesidades espec\u00edficas del mercado laboral y la fuerza de trabajo local.<br \/>Este enfoque permitir\u00e1 desarrollar estrategias efectivas para aumentar la participaci\u00f3n de los adultos, especialmente en la recualificaci\u00f3n de trabajadores en transici\u00f3n, desempleados o inactivos.<br \/>El foco estar\u00e1 en ayudar a los trabajadores a pasar de sectores en declive a sectores en crecimiento que requieren mano de obra cualificada para la econom\u00eda verde y digital.<br \/>Una tarea clave de los laboratorios ser\u00e1 identificar brechas de competencias locales y crear contenidos formativos dirigidos a capacitar a trabajadores con baja cualificaci\u00f3n para dicha transici\u00f3n.<\/p>\n\t\t\t\t\t\t\t\t<\/div>\n\t\t\t\t<\/div>\n\t\t\t\t<\/div>\n\t\t\t\t<\/div>\n\t\t\t\t\t<\/div>\n\t\t\t\t<\/div>\n\t\t<div class=\"elementor-element elementor-element-2bd15f6 e-flex e-con-boxed e-con e-parent\" data-id=\"2bd15f6\" data-element_type=\"container\" data-e-type=\"container\">\n\t\t\t\t\t<div class=\"e-con-inner\">\n\t\t\t\t<div class=\"elementor-element elementor-element-efe4547 elementor-widget elementor-widget-spacer\" data-id=\"efe4547\" data-element_type=\"widget\" data-e-type=\"widget\" data-widget_type=\"spacer.default\">\n\t\t\t\t<div class=\"elementor-widget-container\">\n\t\t\t\t\t\t\t<div class=\"elementor-spacer\">\n\t\t\t<div class=\"elementor-spacer-inner\"><\/div>\n\t\t<\/div>\n\t\t\t\t\t\t<\/div>\n\t\t\t\t<\/div>\n\t\t\t\t\t<\/div>\n\t\t\t\t<\/div>\n\t\t<div class=\"elementor-element elementor-element-f91553c e-flex e-con-boxed e-con e-parent\" data-id=\"f91553c\" data-element_type=\"container\" data-e-type=\"container\">\n\t\t\t\t\t<div class=\"e-con-inner\">\n\t\t<div class=\"elementor-element elementor-element-6ba1c7d e-con-full e-flex e-con e-child\" data-id=\"6ba1c7d\" data-element_type=\"container\" data-e-type=\"container\">\n\t\t<div class=\"elementor-element elementor-element-a4644e6 e-con-full e-flex e-con e-child\" data-id=\"a4644e6\" data-element_type=\"container\" data-e-type=\"container\">\n\t\t\t\t<div class=\"elementor-element elementor-element-4c70cf0 elementor-widget elementor-widget-image\" data-id=\"4c70cf0\" data-element_type=\"widget\" data-e-type=\"widget\" data-widget_type=\"image.default\">\n\t\t\t\t<div class=\"elementor-widget-container\">\n\t\t\t\t\t\t\t\t\t\t\t\t\t\t\t<img loading=\"lazy\" decoding=\"async\" width=\"512\" height=\"512\" src=\"https:\/\/coopskills.eu\/wp-content\/uploads\/2025\/05\/coopskills-color-icon3.png\" class=\"attachment-large size-large wp-image-883\" alt=\"\" srcset=\"https:\/\/coopskills.eu\/wp-content\/uploads\/2025\/05\/coopskills-color-icon3.png 512w, https:\/\/coopskills.eu\/wp-content\/uploads\/2025\/05\/coopskills-color-icon3-300x300.png 300w, https:\/\/coopskills.eu\/wp-content\/uploads\/2025\/05\/coopskills-color-icon3-150x150.png 150w\" sizes=\"(max-width: 512px) 100vw, 512px\" \/>\t\t\t\t\t\t\t\t\t\t\t\t\t\t\t<\/div>\n\t\t\t\t<\/div>\n\t\t\t\t<\/div>\n\t\t<div class=\"elementor-element elementor-element-f31d823 e-con-full e-flex e-con e-child\" data-id=\"f31d823\" data-element_type=\"container\" data-e-type=\"container\">\n\t\t\t\t<div class=\"elementor-element elementor-element-bc855a0 elementor-widget elementor-widget-heading\" data-id=\"bc855a0\" data-element_type=\"widget\" data-e-type=\"widget\" data-widget_type=\"heading.default\">\n\t\t\t\t<div class=\"elementor-widget-container\">\n\t\t\t\t\t<h3 class=\"elementor-heading-title elementor-size-default\">Materiales de Formaci\u00f3n \/ Orientaci\u00f3n Profesional \/ Mentor\u00eda<\/h3>\t\t\t\t<\/div>\n\t\t\t\t<\/div>\n\t\t\t\t<div class=\"elementor-element elementor-element-a99f1fc elementor-widget elementor-widget-text-editor\" data-id=\"a99f1fc\" data-element_type=\"widget\" data-e-type=\"widget\" data-widget_type=\"text-editor.default\">\n\t\t\t\t<div class=\"elementor-widget-container\">\n\t\t\t\t\t\t\t\t\t<p>Se desarrollar\u00e1n planes de estudios y materiales de formaci\u00f3n para los participantes, as\u00ed como recursos formativos para formadores de adultos, acompa\u00f1ados de manuales que incorporen las \u00faltimas tendencias en aprendizaje innovador.<br \/>Adem\u00e1s, se crear\u00e1 un kit unificado de orientaci\u00f3n profesional, asesoramiento y mentor\u00eda, junto con herramientas de gamificaci\u00f3n.<\/p>\n\t\t\t\t\t\t\t\t<\/div>\n\t\t\t\t<\/div>\n\t\t\t\t<\/div>\n\t\t\t\t<\/div>\n\t\t\t\t\t<\/div>\n\t\t\t\t<\/div>\n\t\t<div class=\"elementor-element elementor-element-ea50dc4 e-flex e-con-boxed e-con e-parent\" data-id=\"ea50dc4\" data-element_type=\"container\" data-e-type=\"container\">\n\t\t\t\t\t<div class=\"e-con-inner\">\n\t\t\t\t<div class=\"elementor-element elementor-element-ce9820f elementor-widget elementor-widget-spacer\" data-id=\"ce9820f\" data-element_type=\"widget\" data-e-type=\"widget\" data-widget_type=\"spacer.default\">\n\t\t\t\t<div class=\"elementor-widget-container\">\n\t\t\t\t\t\t\t<div class=\"elementor-spacer\">\n\t\t\t<div class=\"elementor-spacer-inner\"><\/div>\n\t\t<\/div>\n\t\t\t\t\t\t<\/div>\n\t\t\t\t<\/div>\n\t\t\t\t\t<\/div>\n\t\t\t\t<\/div>\n\t\t<div class=\"elementor-element elementor-element-1a4b9b6 e-flex e-con-boxed e-con e-parent\" data-id=\"1a4b9b6\" data-element_type=\"container\" data-e-type=\"container\">\n\t\t\t\t\t<div class=\"e-con-inner\">\n\t\t<div class=\"elementor-element elementor-element-71a521b e-con-full e-flex e-con e-child\" data-id=\"71a521b\" data-element_type=\"container\" data-e-type=\"container\">\n\t\t<div class=\"elementor-element elementor-element-852a39d e-con-full e-flex e-con e-child\" data-id=\"852a39d\" data-element_type=\"container\" data-e-type=\"container\">\n\t\t\t\t<div class=\"elementor-element elementor-element-100e77c elementor-widget elementor-widget-image\" data-id=\"100e77c\" data-element_type=\"widget\" data-e-type=\"widget\" data-widget_type=\"image.default\">\n\t\t\t\t<div class=\"elementor-widget-container\">\n\t\t\t\t\t\t\t\t\t\t\t\t\t\t\t<img loading=\"lazy\" decoding=\"async\" width=\"512\" height=\"512\" src=\"https:\/\/coopskills.eu\/wp-content\/uploads\/2025\/05\/coopskills-color-icon6.png\" class=\"attachment-large size-large wp-image-895\" alt=\"\" srcset=\"https:\/\/coopskills.eu\/wp-content\/uploads\/2025\/05\/coopskills-color-icon6.png 512w, https:\/\/coopskills.eu\/wp-content\/uploads\/2025\/05\/coopskills-color-icon6-300x300.png 300w, https:\/\/coopskills.eu\/wp-content\/uploads\/2025\/05\/coopskills-color-icon6-150x150.png 150w\" sizes=\"(max-width: 512px) 100vw, 512px\" \/>\t\t\t\t\t\t\t\t\t\t\t\t\t\t\t<\/div>\n\t\t\t\t<\/div>\n\t\t\t\t<\/div>\n\t\t<div class=\"elementor-element elementor-element-6a8a49f e-con-full e-flex e-con e-child\" data-id=\"6a8a49f\" data-element_type=\"container\" data-e-type=\"container\">\n\t\t\t\t<div class=\"elementor-element elementor-element-d410895 elementor-widget elementor-widget-heading\" data-id=\"d410895\" data-element_type=\"widget\" data-e-type=\"widget\" data-widget_type=\"heading.default\">\n\t\t\t\t<div class=\"elementor-widget-container\">\n\t\t\t\t\t<h3 class=\"elementor-heading-title elementor-size-default\">Experimentaci\u00f3n Piloto<\/h3>\t\t\t\t<\/div>\n\t\t\t\t<\/div>\n\t\t\t\t<div class=\"elementor-element elementor-element-269e7f3 elementor-widget elementor-widget-text-editor\" data-id=\"269e7f3\" data-element_type=\"widget\" data-e-type=\"widget\" data-widget_type=\"text-editor.default\">\n\t\t\t\t<div class=\"elementor-widget-container\">\n\t\t\t\t\t\t\t\t\t<p>Se llevar\u00e1 a cabo una intervenci\u00f3n piloto en cuatro pa\u00edses: Grecia, Espa\u00f1a, Chipre y Lituania.<br \/>Cada pa\u00eds implementar\u00e1 su propio experimento de innovaci\u00f3n integrado, basado en los dise\u00f1os desarrollados anteriormente en el proyecto, con validaci\u00f3n mutua a trav\u00e9s de discusiones colaborativas.<br \/>Cada municipio realizar\u00e1 las acciones motivacionales m\u00e1s adecuadas basadas en los resultados y decisiones ya tomadas.<\/p>\n<p>Se desarrollar\u00e1n acciones formativas piloto en cada regi\u00f3n, que incluir\u00e1n formaci\u00f3n en l\u00ednea para profesores, sesiones piloto correspondientes y ctividades formativas en empresas orientadas a mejorar las competencias. Adem\u00e1s, se evaluar\u00e1 la efectividad de la intervenci\u00f3n en el entorno laboral.<br \/>La intervenci\u00f3n incluir\u00e1 tambi\u00e9n evaluaciones de habilidades mediante herramientas de gamificaci\u00f3n, as\u00ed como actividades de orientaci\u00f3n y mentor\u00eda.<\/p>\n\t\t\t\t\t\t\t\t<\/div>\n\t\t\t\t<\/div>\n\t\t\t\t<\/div>\n\t\t\t\t<\/div>\n\t\t\t\t\t<\/div>\n\t\t\t\t<\/div>\n\t\t<div class=\"elementor-element elementor-element-230d8e6 e-flex e-con-boxed e-con e-parent\" data-id=\"230d8e6\" data-element_type=\"container\" data-e-type=\"container\">\n\t\t\t\t\t<div class=\"e-con-inner\">\n\t\t\t\t<div class=\"elementor-element elementor-element-43df35d elementor-widget elementor-widget-spacer\" data-id=\"43df35d\" data-element_type=\"widget\" data-e-type=\"widget\" data-widget_type=\"spacer.default\">\n\t\t\t\t<div class=\"elementor-widget-container\">\n\t\t\t\t\t\t\t<div class=\"elementor-spacer\">\n\t\t\t<div class=\"elementor-spacer-inner\"><\/div>\n\t\t<\/div>\n\t\t\t\t\t\t<\/div>\n\t\t\t\t<\/div>\n\t\t\t\t\t<\/div>\n\t\t\t\t<\/div>\n\t\t\t\t<\/div>\n\t\t","protected":false},"excerpt":{"rendered":"<p>Resultados del proyecto Manual: Hoja de ruta para la Movilizaci\u00f3n y la Concienciaci\u00f3n \u2013 Laboratorios de Recualificaci\u00f3n: Una Metodolog\u00eda de Buenas Pr\u00e1cticas Se llevar\u00e1 a cabo un estudio europeo exhaustivo para identificar estrategias eficaces que motiven tanto a empleadores como a trabajadores a involucrarse en iniciativas de mejora y recualificaci\u00f3n, especialmente en el contexto de [&hellip;]<\/p>\n","protected":false},"author":3,"featured_media":951,"parent":0,"menu_order":0,"comment_status":"closed","ping_status":"closed","template":"","meta":{"footnotes":""},"class_list":["post-1061","page","type-page","status-publish","has-post-thumbnail","hentry"],"_links":{"self":[{"href":"https:\/\/coopskills.eu\/es\/wp-json\/wp\/v2\/pages\/1061","targetHints":{"allow":["GET"]}}],"collection":[{"href":"https:\/\/coopskills.eu\/es\/wp-json\/wp\/v2\/pages"}],"about":[{"href":"https:\/\/coopskills.eu\/es\/wp-json\/wp\/v2\/types\/page"}],"author":[{"embeddable":true,"href":"https:\/\/coopskills.eu\/es\/wp-json\/wp\/v2\/users\/3"}],"replies":[{"embeddable":true,"href":"https:\/\/coopskills.eu\/es\/wp-json\/wp\/v2\/comments?post=1061"}],"version-history":[{"count":1,"href":"https:\/\/coopskills.eu\/es\/wp-json\/wp\/v2\/pages\/1061\/revisions"}],"predecessor-version":[{"id":1062,"href":"https:\/\/coopskills.eu\/es\/wp-json\/wp\/v2\/pages\/1061\/revisions\/1062"}],"wp:featuredmedia":[{"embeddable":true,"href":"https:\/\/coopskills.eu\/es\/wp-json\/wp\/v2\/media\/951"}],"wp:attachment":[{"href":"https:\/\/coopskills.eu\/es\/wp-json\/wp\/v2\/media?parent=1061"}],"curies":[{"name":"wp","href":"https:\/\/api.w.org\/{rel}","templated":true}]}}